{"id":1884,"date":"2024-06-16T13:05:04","date_gmt":"2024-06-16T17:05:04","guid":{"rendered":"https:\/\/copybook.cl\/wp\/?page_id=1884"},"modified":"2026-01-21T10:41:46","modified_gmt":"2026-01-21T13:41:46","slug":"politica-legal-y-de-provacidad","status":"publish","type":"page","link":"https:\/\/copybook.cl\/wp\/politica-legal-y-de-provacidad\/","title":{"rendered":"Pol\u00edtica legal y de privacidad"},"content":{"rendered":"\r\n<h2 class=\"wp-block-heading\">Pol\u00edtica legal, y objetivos<\/h2>\r\n\r\n\r\n\r\n<p>Nuestra revista tecnol\u00f3gica nace con el prop\u00f3sito de acercar a los lectores las tendencias m\u00e1s innovadoras del mundo digital, mientras conecta ese conocimiento con soluciones reales para empresas y profesionales. Adem\u00e1s de ofrecer contenido actualizado y accesible sobre TI, transformaci\u00f3n digital y herramientas emergentes, brindamos servicios especializados en tecnolog\u00eda y contabilidad que ayudan a optimizar procesos, fortalecer la toma de decisiones y potenciar el crecimiento empresarial. Buscamos ser un aliado estrat\u00e9gico que inspira, informa y acompa\u00f1a a nuestros lectores en su camino hacia la eficiencia y la innovaci\u00f3n<\/p>\r\n<div>Copybook.cl es una plataforma digital orientada a la difusi\u00f3n del conocimiento, combinando el esp\u00edritu de una revista tecnol\u00f3gica con servicios profesionales en TI y contabilidad. Aunque naci\u00f3 como un proyecto privado de biblioteca electr\u00f3nica para uso p\u00fablico, su prop\u00f3sito evoluciona hacia entregar informaci\u00f3n innovadora, herramientas digitales y asesor\u00eda especializada para apoyar a emprendedores, empresas y apasionados por la tecnolog\u00eda. Inspirada en los principios de fomento cultural establecidos por la Ley N\u00b0 19.227, la plataforma promueve el acceso responsable a contenidos literarios y tecnol\u00f3gicos, ofreciendo obras disponibles \u00fanicamente para lectura en l\u00ednea, en cumplimiento de la Ley 17.336 sobre Propiedad Intelectual. Este modelo garantiza la consulta segura del material sin descarga ni reproducci\u00f3n no autorizada, al tiempo que nuestro espacio interactivo impulsa la reflexi\u00f3n, el an\u00e1lisis cr\u00edtico y la formaci\u00f3n continua en temas tecnol\u00f3gicos, digitales y de gesti\u00f3n empresarial<\/div>\r\n\r\n\r\n\r\n<h2 class=\"wp-block-heading\">Comentarios<\/h2>\r\n\r\n\r\n\r\n<p>Cuando los visitantes dejan comentarios en la web, recopilamos los datos que se muestran en el formulario de comentarios, as\u00ed como la direcci\u00f3n IP del visitante y la cadena de agentes de usuario del navegador para ayudar a la detecci\u00f3n de spam.<\/p>\r\n\r\n\r\n\r\n<p>Una cadena an\u00f3nima creada a partir de tu direcci\u00f3n de correo electr\u00f3nico (tambi\u00e9n llamada hash) puede ser proporcionada al servicio de Gravatar para ver si la est\u00e1s usando. La pol\u00edtica de privacidad del servicio Gravatar est\u00e1 disponible aqu\u00ed: https:\/\/automattic.com\/privacy\/. Despu\u00e9s de la aprobaci\u00f3n de tu comentario, la imagen de tu perfil es visible para el p\u00fablico en el contexto de tu comentario.<\/p>\r\n\r\n\r\n\r\n<h2 class=\"wp-block-heading\">Medios<\/h2>\r\n\r\n\r\n\r\n<p>Si subes im\u00e1genes a la web, deber\u00edas evitar subir im\u00e1genes con datos de ubicaci\u00f3n (GPS EXIF) incluidos. Los visitantes de la web pueden descargar y extraer cualquier dato de ubicaci\u00f3n de las im\u00e1genes de la web.<\/p>\r\n\r\n\r\n\r\n<h2 class=\"wp-block-heading\">Cookies<\/h2>\r\n\r\n\r\n\r\n<p>Si dejas un comentario en nuestro sitio puedes elegir guardar tu nombre, direcci\u00f3n de correo electr\u00f3nico y web en cookies. Esto es para tu comodidad, para que no tengas que volver a rellenar tus datos cuando dejes otro comentario. Estas cookies tendr\u00e1n una duraci\u00f3n de un a\u00f1o.<\/p>\r\n<p>Si tienes una cuenta y te conectas a este sitio, instalaremos una cookie temporal para determinar si tu navegador acepta cookies. Esta cookie no contiene datos personales y se elimina al cerrar el navegador.<\/p>\r\n\r\n\r\n\r\n\r\n\r\n<p>Cuando accedas, tambi\u00e9n instalaremos varias cookies para guardar tu informaci\u00f3n de acceso y tus opciones de visualizaci\u00f3n de pantalla. Las cookies de acceso duran dos d\u00edas, y las cookies de opciones de pantalla duran un a\u00f1o. Si seleccionas \u00abRecu\u00e9rdarme\u00bb, tu acceso perdurar\u00e1 durante dos semanas. Si sales de tu cuenta, las cookies de acceso se eliminar\u00e1n.<\/p>\r\n<p>Si editas o publicas un art\u00edculo se guardar\u00e1 una cookie adicional en tu navegador. Esta cookie no incluye datos personales y simplemente indica el ID del art\u00edculo que acabas de editar. Caduca despu\u00e9s de 1 d\u00eda.<\/p>\r\n\r\n\r\n\r\n\r\n\r\n<h2 class=\"wp-block-heading\">Contenido incrustado de otros sitios web<\/h2>\r\n\r\n\r\n\r\n<p>Los art\u00edculos de este sitio pueden incluir contenido incrustado (por ejemplo, v\u00eddeos, im\u00e1genes, art\u00edculos, etc.). El contenido incrustado de otras webs se comporta exactamente de la misma manera que si el visitante hubiera visitado la otra web.<\/p>\r\n\r\n\r\n\r\n<p>Estas web pueden recopilar datos sobre ti, utilizar cookies, incrustar un seguimiento adicional de terceros, y supervisar tu interacci\u00f3n con ese contenido incrustado, incluido el seguimiento de tu interacci\u00f3n con el contenido incrustado si tienes una cuenta y est\u00e1s conectado a esa web.<\/p>\r\n\r\n\r\n\r\n<h2 class=\"wp-block-heading\">Con qui\u00e9n compartimos tus datos<strong class=\"privacy-policy-tutorial\">\u00a0<\/strong><\/h2>\r\n\r\n\r\n\r\n<p>Si solicitas un restablecimiento de contrase\u00f1a, tu direcci\u00f3n IP ser\u00e1 incluida en el correo electr\u00f3nico de restablecimiento.<\/p>\r\n\r\n\r\n\r\n<h2 class=\"wp-block-heading\">Cu\u00e1nto tiempo conservamos tus datos<\/h2>\r\n\r\n\r\n\r\n<p>Si dejas un comentario, el comentario y sus metadatos se conservan indefinidamente. Esto es para que podamos reconocer y aprobar comentarios sucesivos autom\u00e1ticamente, en lugar de mantenerlos en una cola de moderaci\u00f3n.<\/p>\r\n\r\n\r\n\r\n<p>De los usuarios que se registran en nuestra web (si los hay), tambi\u00e9n almacenamos la informaci\u00f3n personal que proporcionan en su perfil de usuario. Todos los usuarios pueden ver, editar o eliminar su informaci\u00f3n personal en cualquier momento (excepto que no pueden cambiar su nombre de usuario). Los administradores de la web tambi\u00e9n pueden ver y editar esa informaci\u00f3n.<\/p>\r\n\r\n\r\n\r\n<h2 class=\"wp-block-heading\">Qu\u00e9 derechos tienes sobre tus datos<\/h2>\r\n\r\n\r\n\r\n<p>Si tienes una cuenta o has dejado comentarios en esta web, puedes solicitar recibir un archivo de exportaci\u00f3n de los datos personales que tenemos sobre ti, incluyendo cualquier dato que nos hayas proporcionado. Tambi\u00e9n puedes solicitar que eliminemos cualquier dato personal que tengamos sobre ti. Esto no incluye ning\u00fan dato que estemos obligados a conservar con fines administrativos, legales o de seguridad.<\/p>\r\n\r\n\r\n\r\n<h2 class=\"wp-block-heading\">D\u00f3nde se env\u00edan tus datos<\/h2>\r\n\r\n\r\n\r\n<p>Los comentarios de los visitantes puede que los revise un servicio de detecci\u00f3n autom\u00e1tica de spam.<\/p>\r\n\r\n\r\n<h2>Sobre compra de licencias de Software.<\/h2>\n<p>La Anulaci\u00f3n de la compra, se puede realizar con un reembolso prorrateado dentro de las primeras 168 horas (7 d\u00edas) posteriores al pedido inicial o la renovaci\u00f3n del periodo.<\/p>\n<p>Despu\u00e9s de las 168 horas (7 d\u00edas), no hay cancelaci\u00f3n disponible ni reembolso.<\/p>\n<p>2 licencias de producto por pago por consumo vencido \u2022 No se podr\u00e1 hacer ninguna condonaci\u00f3n de los servicios consumidos, al cancelar el servicio se deber\u00e1 cubrir el remanente despu\u00e9s de la cancelaci\u00f3n. \u2022 Si el PARTNER realiza la suspensi\u00f3n de las LICENCIAS o decide cancelar el tenant, deber\u00e1 cubrir la totalidad del valor de las LICENCIAS, sin derecho a reembolso, pr\u00f3rroga, devoluci\u00f3n y\/o descuento. \u2022 Solo se aceptar\u00e1n cancelaciones cuando se notifique a LOL con al menos 30 d\u00edas de anticipaci\u00f3n.<\/p>\n<p>Por licenciamiento perpetuo.<\/p>\n<p>No se podr\u00e1 hacer ninguna condonaci\u00f3n de las LICENCIAS activadas. \u2022 Si el PARTNER realiza la cancelaci\u00f3n de las LICENCIAS, deber\u00e1 cubrir la totalidad del valor de las LICENCIAS, sin derecho a reembolso total o parcial, pr\u00f3rroga, devoluci\u00f3n y\/o descuento. \u2022 Solo se aceptar\u00e1n devoluciones bajo el proceso de RMA estipulado por Microsoft, dentro de los 30 d\u00edas una vez realizada la compra.<\/p>\n","protected":false},"excerpt":{"rendered":"<p>Pol\u00edtica legal, y objetivos Nuestra revista tecnol\u00f3gica nace con el prop\u00f3sito de acercar a los lectores las tendencias m\u00e1s innovadoras del mundo digital, mientras conecta ese conocimiento con soluciones reales para empresas y profesionales. Adem\u00e1s de ofrecer contenido actualizado y accesible sobre TI, transformaci\u00f3n digital y herramientas emergentes, brindamos servicios especializados en tecnolog\u00eda y contabilidad [&hellip;]<\/p>\n","protected":false},"author":1,"featured_media":0,"parent":0,"menu_order":0,"comment_status":"closed","ping_status":"closed","template":"","meta":{"footnotes":""},"class_list":["post-1884","page","type-page","status-publish","hentry"],"_links":{"self":[{"href":"https:\/\/copybook.cl\/wp\/wp-json\/wp\/v2\/pages\/1884","targetHints":{"allow":["GET"]}}],"collection":[{"href":"https:\/\/copybook.cl\/wp\/wp-json\/wp\/v2\/pages"}],"about":[{"href":"https:\/\/copybook.cl\/wp\/wp-json\/wp\/v2\/types\/page"}],"author":[{"embeddable":true,"href":"https:\/\/copybook.cl\/wp\/wp-json\/wp\/v2\/users\/1"}],"replies":[{"embeddable":true,"href":"https:\/\/copybook.cl\/wp\/wp-json\/wp\/v2\/comments?post=1884"}],"version-history":[{"count":11,"href":"https:\/\/copybook.cl\/wp\/wp-json\/wp\/v2\/pages\/1884\/revisions"}],"predecessor-version":[{"id":2846,"href":"https:\/\/copybook.cl\/wp\/wp-json\/wp\/v2\/pages\/1884\/revisions\/2846"}],"wp:attachment":[{"href":"https:\/\/copybook.cl\/wp\/wp-json\/wp\/v2\/media?parent=1884"}],"curies":[{"name":"wp","href":"https:\/\/api.w.org\/{rel}","templated":true}]}}