{"id":2260,"date":"2025-05-07T16:19:58","date_gmt":"2025-05-07T20:19:58","guid":{"rendered":"https:\/\/copybook.cl\/wp\/?page_id=2260"},"modified":"2026-01-16T17:53:08","modified_gmt":"2026-01-16T20:53:08","slug":"licencias-microsoft","status":"publish","type":"page","link":"https:\/\/copybook.cl\/wp\/licencias-microsoft\/","title":{"rendered":"Software y Hardware"},"content":{"rendered":"\r\n<h1 class=\"wp-block-heading\">MISoft SpA<\/h1>\r\n\r\n\r\n\r\n<p>Planes de Microsoft 365 para Empresas<\/p>\r\n\r\n\r\n\r\n<h2 class=\"wp-block-heading\"><strong>Member of the Microsoft AI Cloud Partner Program<\/strong><\/h2>\r\n\r\n\r\n\r\n<p>RUT: 77.783.514-9<\/p>\r\n\r\n\r\n\r\n<p>Giro: Actividades de Consultor\u00eda de inform\u00e1tica y de Gesti\u00f3n<\/p>\r\n\r\n\r\n\r\n<p>Direcci\u00f3n: Eyzaguirre 1140 D802, Santiago.<\/p>\r\n\r\n\r\n\r\n<p>E-Mail: ventas@copybook.cl<\/p>\r\n\r\n\r\n\r\n<p>&nbsp;<\/p>\r\n","protected":false},"excerpt":{"rendered":"<p>MISoft SpA Planes de Microsoft 365 para Empresas Member of the Microsoft AI Cloud Partner Program RUT: 77.783.514-9 Giro: Actividades de Consultor\u00eda de inform\u00e1tica y de Gesti\u00f3n Direcci\u00f3n: Eyzaguirre 1140 D802, Santiago. E-Mail: ventas@copybook.cl &nbsp;<\/p>\n","protected":false},"author":1,"featured_media":2839,"parent":0,"menu_order":0,"comment_status":"closed","ping_status":"closed","template":"","meta":{"footnotes":""},"class_list":["post-2260","page","type-page","status-publish","has-post-thumbnail","hentry"],"_links":{"self":[{"href":"https:\/\/copybook.cl\/wp\/wp-json\/wp\/v2\/pages\/2260","targetHints":{"allow":["GET"]}}],"collection":[{"href":"https:\/\/copybook.cl\/wp\/wp-json\/wp\/v2\/pages"}],"about":[{"href":"https:\/\/copybook.cl\/wp\/wp-json\/wp\/v2\/types\/page"}],"author":[{"embeddable":true,"href":"https:\/\/copybook.cl\/wp\/wp-json\/wp\/v2\/users\/1"}],"replies":[{"embeddable":true,"href":"https:\/\/copybook.cl\/wp\/wp-json\/wp\/v2\/comments?post=2260"}],"version-history":[{"count":16,"href":"https:\/\/copybook.cl\/wp\/wp-json\/wp\/v2\/pages\/2260\/revisions"}],"predecessor-version":[{"id":2838,"href":"https:\/\/copybook.cl\/wp\/wp-json\/wp\/v2\/pages\/2260\/revisions\/2838"}],"wp:featuredmedia":[{"embeddable":true,"href":"https:\/\/copybook.cl\/wp\/wp-json\/wp\/v2\/media\/2839"}],"wp:attachment":[{"href":"https:\/\/copybook.cl\/wp\/wp-json\/wp\/v2\/media?parent=2260"}],"curies":[{"name":"wp","href":"https:\/\/api.w.org\/{rel}","templated":true}]}}